{"id":98,"date":"2024-08-27T07:00:58","date_gmt":"2024-08-27T05:00:58","guid":{"rendered":"https:\/\/uw-wien.at\/?page_id=98"},"modified":"2024-08-27T07:25:04","modified_gmt":"2024-08-27T05:25:04","slug":"unterstuetzungserklaerung","status":"publish","type":"page","link":"https:\/\/uw-wien.at\/index.php\/unterstuetzungserklaerung\/","title":{"rendered":"Unterst\u00fctzungserkl\u00e4rung"},"content":{"rendered":"\n<p><strong>Unabh\u00e4ngige Demokratie statt Parteizwang in der Wirtschaftskammer!<\/strong><\/p>\n\n\n\n<p>M\u00f6chtest Du eine unabh\u00e4ngige Wirtschaft unterst\u00fctzen? Mit Deiner Unterst\u00fctzungserkl\u00e4rung tr\u00e4gst Du dazu bei, dass wir in Deiner Branche bei den Wirtschaftskammerwahlen antreten k\u00f6nnen. Je nach Branche ben\u00f6tigen wir eine bestimmte Anzahl an Unterst\u00fctzungserkl\u00e4rungen f\u00fcr einen g\u00fcltigen Wahlvorschlag. Mit Deiner Unterschrift f\u00f6rderst Du mehr Demokratie in der Kammer!<\/p>\n\n\n\n<p><strong>Formulare f\u00fcr Einzelunternehmer:<\/strong><\/p>\n\n\n\n<ul>\n<li><a href=\"http:\/\/uw-wien.at\/wp-content\/uploads\/2024\/08\/Unterstuetzung_ausfuellbares-PDF.pdf\" data-type=\"link\" data-id=\"http:\/\/uw-wien.at\/wp-content\/uploads\/2024\/08\/Unterstuetzung_ausfuellbares-PDF.pdf\">Unterst\u00fctzungserkl\u00e4rung<\/a><\/li>\n\n\n\n<li><a href=\"http:\/\/uw-wien.at\/wp-content\/uploads\/2024\/08\/Unterstuetzung-Zustimmung_ausfuellbares-PDF.pdf\" data-type=\"link\" data-id=\"http:\/\/uw-wien.at\/wp-content\/uploads\/2024\/08\/Unterstuetzung-Zustimmung_ausfuellbares-PDF.pdf\">Zustimmungserkl\u00e4rung und Unterst\u00fctzungserkl\u00e4rung <\/a>(f\u00fcr Unternehmer, die aktiv kandidieren m\u00f6chten)<\/li>\n\n\n\n<li><a href=\"http:\/\/uw-wien.at\/wp-content\/uploads\/2024\/08\/Wahlkartenantrag-EinzelU_ausfuellbares-PDF.pdf\">Wahlkartenantrag<\/a><\/li>\n<\/ul>\n\n\n\n<p><strong>Formulare f\u00fcr Juristische Personen:<\/strong><\/p>\n\n\n\n<ul>\n<li><a href=\"http:\/\/uw-wien.at\/wp-content\/uploads\/2024\/08\/Unterstuetzung_ausfuellbares-PDF.pdf\">Unterst\u00fctzungserkl\u00e4rung<\/a><\/li>\n\n\n\n<li><a href=\"http:\/\/uw-wien.at\/wp-content\/uploads\/2024\/08\/Unterstuetzung-Zustimmung_Einverstaendnis_ausfuellbares-PDF.pdf\" data-type=\"link\" data-id=\"http:\/\/uw-wien.at\/wp-content\/uploads\/2024\/08\/Unterstuetzung-Zustimmung_Einverstaendnis_ausfuellbares-PDF.pdf\">Zustimmungserkl\u00e4rung und Unterst\u00fctzungserkl\u00e4rung<\/a> (f\u00fcr Unternehmer, die aktiv kandidieren m\u00f6chten)<\/li>\n\n\n\n<li><a href=\"http:\/\/uw-wien.at\/wp-content\/uploads\/2024\/08\/Wahlkartenantrag-JuristischePerson_ausfuellbares-PDF.pdf\">Wahlkartenantrag<\/a><\/li>\n<\/ul>\n\n\n\n<p>\u00dcbrigens: Du kannst gleichzeitig mehrere W\u00e4hlergruppen unterst\u00fctzen.<\/p>\n\n\n\n<p><strong>M\u00f6chtest Du ein bereits vorausgef\u00fclltes Formular, das Du nur noch unterschreiben musst? Dann melde Dich bei uns!<\/strong><\/p>\n\n\n\n<h1 class=\"wp-block-heading\"><strong>Dietmar Schwingenschrot<\/strong><\/h1>\n\n\n\n<h6 class=\"wp-block-heading\"><em>unabh\u00e4niger Stv.Spartenobmann der Wirtschaftskammer Wien \u2013 Tourismus &amp; Freizeitwirtschaft<\/em><\/h6>\n\n\n\n<p>+43 664 4322111<\/p>\n\n\n\n<p>Schwaigergasse 22 \/ B\u00fcro 1<\/p>\n\n\n\n<p>1210 Wien<\/p>\n\n\n\n<p><a href=\"https:\/\/webconfig.byting.at\/index.php#\">dietmar.schwingenschrot@uw-wien.at<\/a><\/p>\n\n\n\n<p><\/p>\n","protected":false},"excerpt":{"rendered":"<p>Unabh\u00e4ngige Demokratie statt Parteizwang in der Wirtschaftskammer! M\u00f6chtest Du eine unabh\u00e4ngige Wirtschaft unterst\u00fctzen? Mit Deiner Unterst\u00fctzungserkl\u00e4rung tr\u00e4gst Du dazu bei, dass wir in Deiner Branche bei den Wirtschaftskammerwahlen antreten k\u00f6nnen. Je nach Branche ben\u00f6tigen wir eine bestimmte Anzahl an Unterst\u00fctzungserkl\u00e4rungen f\u00fcr einen g\u00fcltigen Wahlvorschlag. Mit Deiner Unterschrift f\u00f6rderst Du mehr Demokratie in der Kammer! Formulare &hellip; <\/p>\n<p class=\"link-more\"><a href=\"https:\/\/uw-wien.at\/index.php\/unterstuetzungserklaerung\/\" class=\"more-link\"><span class=\"screen-reader-text\">\u201eUnterst\u00fctzungserkl\u00e4rung\u201c<\/span> weiterlesen<\/a><\/p>\n","protected":false},"author":1,"featured_media":0,"parent":0,"menu_order":0,"comment_status":"closed","ping_status":"closed","template":"","meta":{"footnotes":""},"_links":{"self":[{"href":"https:\/\/uw-wien.at\/index.php\/wp-json\/wp\/v2\/pages\/98"}],"collection":[{"href":"https:\/\/uw-wien.at\/index.php\/wp-json\/wp\/v2\/pages"}],"about":[{"href":"https:\/\/uw-wien.at\/index.php\/wp-json\/wp\/v2\/types\/page"}],"author":[{"embeddable":true,"href":"https:\/\/uw-wien.at\/index.php\/wp-json\/wp\/v2\/users\/1"}],"replies":[{"embeddable":true,"href":"https:\/\/uw-wien.at\/index.php\/wp-json\/wp\/v2\/comments?post=98"}],"version-history":[{"count":5,"href":"https:\/\/uw-wien.at\/index.php\/wp-json\/wp\/v2\/pages\/98\/revisions"}],"predecessor-version":[{"id":112,"href":"https:\/\/uw-wien.at\/index.php\/wp-json\/wp\/v2\/pages\/98\/revisions\/112"}],"wp:attachment":[{"href":"https:\/\/uw-wien.at\/index.php\/wp-json\/wp\/v2\/media?parent=98"}],"curies":[{"name":"wp","href":"https:\/\/api.w.org\/{rel}","templated":true}]}}