{"id":8,"date":"2024-05-24T07:28:33","date_gmt":"2024-05-24T05:28:33","guid":{"rendered":"http:\/\/uw-wien.at\/?page_id=8"},"modified":"2024-07-01T11:22:51","modified_gmt":"2024-07-01T09:22:51","slug":"kontakt","status":"publish","type":"page","link":"https:\/\/uw-wien.at\/index.php\/kontakt\/","title":{"rendered":"Kontakt"},"content":{"rendered":"\n<p><strong>Unabh\u00e4nige Wirtschaft Wien<\/strong><\/p>\n\n\n\n<h1 class=\"wp-block-heading\"><strong>Dietmar Schwingenschrot<\/strong><\/h1>\n\n\n\n<h6 class=\"wp-block-heading\"><em>unabh\u00e4niger Stv.Spartenobmann der Wirtschaftskammer Wien &#8211; Tourismus &amp; Freizeitwirtschaft<\/em><\/h6>\n\n\n\n<p>+43 664 4322111<\/p>\n\n\n\n<p>Schwaigergasse 22 \/ B\u00fcro 1<\/p>\n\n\n\n<p>1210 Wien<\/p>\n\n\n\n<p><a href=\"https:\/\/webconfig.byting.at\/index.php#\">dietmar.schwingenschrot@uw-wien.at<\/a><\/p>\n\n\n\n<p>Unsere Website wird derzeit f\u00fcr Barrierefreiheit optimiert und steht Ihnen in K\u00fcrze in einer behindertengerechten Version zur Verf\u00fcgung.<\/p>\n","protected":false},"excerpt":{"rendered":"<p>Unabh\u00e4nige Wirtschaft Wien Dietmar Schwingenschrot unabh\u00e4niger Stv.Spartenobmann der Wirtschaftskammer Wien &#8211; Tourismus &amp; Freizeitwirtschaft +43 664 4322111 Schwaigergasse 22 \/ B\u00fcro 1 1210 Wien dietmar.schwingenschrot@uw-wien.at Unsere Website wird derzeit f\u00fcr Barrierefreiheit optimiert und steht Ihnen in K\u00fcrze in einer behindertengerechten Version zur Verf\u00fcgung.<\/p>\n","protected":false},"author":1,"featured_media":0,"parent":0,"menu_order":0,"comment_status":"closed","ping_status":"closed","template":"","meta":{"footnotes":"[]"},"_links":{"self":[{"href":"https:\/\/uw-wien.at\/index.php\/wp-json\/wp\/v2\/pages\/8"}],"collection":[{"href":"https:\/\/uw-wien.at\/index.php\/wp-json\/wp\/v2\/pages"}],"about":[{"href":"https:\/\/uw-wien.at\/index.php\/wp-json\/wp\/v2\/types\/page"}],"author":[{"embeddable":true,"href":"https:\/\/uw-wien.at\/index.php\/wp-json\/wp\/v2\/users\/1"}],"replies":[{"embeddable":true,"href":"https:\/\/uw-wien.at\/index.php\/wp-json\/wp\/v2\/comments?post=8"}],"version-history":[{"count":6,"href":"https:\/\/uw-wien.at\/index.php\/wp-json\/wp\/v2\/pages\/8\/revisions"}],"predecessor-version":[{"id":90,"href":"https:\/\/uw-wien.at\/index.php\/wp-json\/wp\/v2\/pages\/8\/revisions\/90"}],"wp:attachment":[{"href":"https:\/\/uw-wien.at\/index.php\/wp-json\/wp\/v2\/media?parent=8"}],"curies":[{"name":"wp","href":"https:\/\/api.w.org\/{rel}","templated":true}]}}