{"id":79,"date":"2024-06-25T09:51:00","date_gmt":"2024-06-25T07:51:00","guid":{"rendered":"http:\/\/uw-wien.at\/?page_id=79"},"modified":"2024-06-25T09:51:00","modified_gmt":"2024-06-25T07:51:00","slug":"wofuer-wir-stehen","status":"publish","type":"page","link":"https:\/\/uw-wien.at\/index.php\/wofuer-wir-stehen\/","title":{"rendered":"Wof\u00fcr wir stehen"},"content":{"rendered":"\n<p><strong><br>Als unabh\u00e4ngige Vertretung in der Wirtschaft setzen wir uns ein f\u00fcr:<br><\/strong><br><strong>Mehr Rechte und nicht nur Pflichten f\u00fcr Unternehmer:<\/strong> Wir fordern eine ausgewogene rechtliche Behandlung von Unternehmern, die ihre Verantwortung anerkennt und ihnen gleichzeitig mehr Freiheiten und Unterst\u00fctzung gew\u00e4hrt.<br><br><strong>B\u00fcrokratieabbau f\u00fcr Gewerbetreibende:<\/strong> Durch den Abbau unn\u00f6tiger B\u00fcrokratie wollen wir den Verwaltungsaufwand f\u00fcr Unternehmen reduzieren und so die Effizienz und Wettbewerbsf\u00e4higkeit steigern.<br><br><strong>Senkung der vollkommen \u00fcberzogenen Lohn- und Nebenkosten:<\/strong> Wir setzen uns f\u00fcr eine Reduzierung der hohen Lohnnebenkosten ein, um Unternehmen finanziell zu entlasten und Arbeitspl\u00e4tze zu sichern.<br><br><strong>Verst\u00e4rkte Kontrollen bei Krankenst\u00e4nden:<\/strong> Durch verst\u00e4rkte Kontrollen wollen wir Missbrauch verhindern und sicherstellen, dass das Gesundheitssystem gerecht und effizient funktioniert.<br><br><strong>\u00a0Leichterer Zugang zu Investitionskrediten:<\/strong> Wir fordern bessere und einfachere Bedingungen f\u00fcr die Vergabe von Investitionskrediten, um Unternehmen zu Wachstum und Innovation zu verhelfen.<br><br><strong>Mehr Lade- und Entladungszonen:<\/strong> Die Schaffung zus\u00e4tzlicher Lade- und Entladungszonen ist notwendig, um die Logistik und den Warenfluss f\u00fcr Unternehmen zu verbessern.<br><br><strong>F\u00f6rderung der digitalen Transformation:<\/strong> Wir unterst\u00fctzen Unternehmen bei der Digitalisierung ihrer Gesch\u00e4ftsprozesse, um ihre Wettbewerbsf\u00e4higkeit in der modernen Wirtschaft zu st\u00e4rken.<br><br><strong>St\u00e4rkung der beruflichen Ausbildung:<\/strong> Wir setzen uns f\u00fcr eine qualitativ hochwertige berufliche Ausbildung ein, um Fachkr\u00e4fte zu sichern und den Wirtschaftsstandort zu st\u00e4rken.<br><br><strong>Nachhaltige Wirtschaftspraktiken:<\/strong> Wir f\u00f6rdern nachhaltige und umweltfreundliche Gesch\u00e4ftspraktiken, um langfristig wirtschaftlichen Erfolg und \u00f6kologische Verantwortung zu vereinen.<br><br><strong>Vereinfachung des Steuerrechts:<\/strong> Wir pl\u00e4dieren f\u00fcr ein einfacheres und transparenteres Steuerrecht, das den Unternehmen Planungssicherheit und weniger administrativen Aufwand bietet.<br><br><strong>F\u00f6rderung von Start-ups und Innovationen:<\/strong> Wir unterst\u00fctzen die Gr\u00fcndung und das Wachstum von Start-ups sowie die Entwicklung innovativer Ideen, um die Wirtschaft zu dynamisieren und zukunftssicher zu machen.<br><br><\/p>\n","protected":false},"excerpt":{"rendered":"<p>Als unabh\u00e4ngige Vertretung in der Wirtschaft setzen wir uns ein f\u00fcr:Mehr Rechte und nicht nur Pflichten f\u00fcr Unternehmer: Wir fordern eine ausgewogene rechtliche Behandlung von Unternehmern, die ihre Verantwortung anerkennt und ihnen gleichzeitig mehr Freiheiten und Unterst\u00fctzung gew\u00e4hrt. B\u00fcrokratieabbau f\u00fcr Gewerbetreibende: Durch den Abbau unn\u00f6tiger B\u00fcrokratie wollen wir den Verwaltungsaufwand f\u00fcr Unternehmen reduzieren und so &hellip; <\/p>\n<p class=\"link-more\"><a href=\"https:\/\/uw-wien.at\/index.php\/wofuer-wir-stehen\/\" class=\"more-link\"><span class=\"screen-reader-text\">\u201eWof\u00fcr wir stehen\u201c<\/span> weiterlesen<\/a><\/p>\n","protected":false},"author":1,"featured_media":0,"parent":0,"menu_order":0,"comment_status":"closed","ping_status":"closed","template":"","meta":{"footnotes":""},"_links":{"self":[{"href":"https:\/\/uw-wien.at\/index.php\/wp-json\/wp\/v2\/pages\/79"}],"collection":[{"href":"https:\/\/uw-wien.at\/index.php\/wp-json\/wp\/v2\/pages"}],"about":[{"href":"https:\/\/uw-wien.at\/index.php\/wp-json\/wp\/v2\/types\/page"}],"author":[{"embeddable":true,"href":"https:\/\/uw-wien.at\/index.php\/wp-json\/wp\/v2\/users\/1"}],"replies":[{"embeddable":true,"href":"https:\/\/uw-wien.at\/index.php\/wp-json\/wp\/v2\/comments?post=79"}],"version-history":[{"count":1,"href":"https:\/\/uw-wien.at\/index.php\/wp-json\/wp\/v2\/pages\/79\/revisions"}],"predecessor-version":[{"id":80,"href":"https:\/\/uw-wien.at\/index.php\/wp-json\/wp\/v2\/pages\/79\/revisions\/80"}],"wp:attachment":[{"href":"https:\/\/uw-wien.at\/index.php\/wp-json\/wp\/v2\/media?parent=79"}],"curies":[{"name":"wp","href":"https:\/\/api.w.org\/{rel}","templated":true}]}}