{"id":49,"date":"2024-06-25T08:30:35","date_gmt":"2024-06-25T06:30:35","guid":{"rendered":"http:\/\/uw-wien.at\/?page_id=49"},"modified":"2024-06-25T08:30:35","modified_gmt":"2024-06-25T06:30:35","slug":"mitmachen-und-unterstuetzen","status":"publish","type":"page","link":"https:\/\/uw-wien.at\/index.php\/mitmachen-und-unterstuetzen\/","title":{"rendered":"Mitmachen und unterst\u00fctzen"},"content":{"rendered":"\n<p><strong>Ein Unternehmer sollte sich bei einer Wirtschaftsvertretung engagieren, weil:<\/strong><br><br><strong>Interessenvertretung und Einflussnahme:<\/strong> Durch die Mitgliedschaft in einer Wirtschaftsvertretung kann ein Unternehmer aktiv Einfluss auf politische Entscheidungen und gesetzliche Regelungen nehmen, die seine Branche betreffen. Eine starke Vertretung b\u00fcndelt die Interessen der Mitglieder und setzt sich effektiv f\u00fcr g\u00fcnstige Rahmenbedingungen ein.<br><br><strong>Netzwerk und Kooperationen:<\/strong> Wirtschaftsvertretungen bieten umfangreiche Netzwerkm\u00f6glichkeiten. Unternehmer k\u00f6nnen Kontakte zu anderen Firmen, potenziellen Gesch\u00e4ftspartnern und wichtigen Stakeholdern kn\u00fcpfen, was zu wertvollen Kooperationen und Gesch\u00e4ftsm\u00f6glichkeiten f\u00fchren kann.<br><br><strong>Zugang zu Informationen und Ressourcen:<\/strong> Mitglieder von Wirtschaftsvertretungen profitieren von exklusivem Zugang zu aktuellen Informationen \u00fcber Markttrends, rechtliche \u00c4nderungen und wirtschaftliche Entwicklungen. Zudem werden oft Schulungen, Workshops und Beratungsdienste angeboten, die Unternehmen bei ihrer Weiterentwicklung unterst\u00fctzen.<br><br><strong>Gemeinsame Probleml\u00f6sungen:<\/strong> Viele Herausforderungen lassen sich besser gemeinschaftlich angehen. Eine Wirtschaftsvertretung bietet eine Plattform, auf der Unternehmer gemeinsam L\u00f6sungen f\u00fcr branchenspezifische Probleme erarbeiten und durchsetzen k\u00f6nnen.<br><br><strong>St\u00e4rkung der eigenen Position:<\/strong> Durch das Engagement in einer Wirtschaftsvertretung kann ein Unternehmer seine Position und die seines Unternehmens st\u00e4rken. Das gemeinsame Auftreten und die kollektive Stimme einer Wirtschaftsvertretung verleihen dem einzelnen Unternehmer mehr Gewicht und Durchsetzungskraft gegen\u00fcber Politik und Verwaltung.<\/p>\n","protected":false},"excerpt":{"rendered":"<p>Ein Unternehmer sollte sich bei einer Wirtschaftsvertretung engagieren, weil: Interessenvertretung und Einflussnahme: Durch die Mitgliedschaft in einer Wirtschaftsvertretung kann ein Unternehmer aktiv Einfluss auf politische Entscheidungen und gesetzliche Regelungen nehmen, die seine Branche betreffen. Eine starke Vertretung b\u00fcndelt die Interessen der Mitglieder und setzt sich effektiv f\u00fcr g\u00fcnstige Rahmenbedingungen ein. Netzwerk und Kooperationen: Wirtschaftsvertretungen bieten &hellip; <\/p>\n<p class=\"link-more\"><a href=\"https:\/\/uw-wien.at\/index.php\/mitmachen-und-unterstuetzen\/\" class=\"more-link\"><span class=\"screen-reader-text\">\u201eMitmachen und unterst\u00fctzen\u201c<\/span> weiterlesen<\/a><\/p>\n","protected":false},"author":1,"featured_media":0,"parent":0,"menu_order":0,"comment_status":"closed","ping_status":"closed","template":"","meta":{"footnotes":""},"_links":{"self":[{"href":"https:\/\/uw-wien.at\/index.php\/wp-json\/wp\/v2\/pages\/49"}],"collection":[{"href":"https:\/\/uw-wien.at\/index.php\/wp-json\/wp\/v2\/pages"}],"about":[{"href":"https:\/\/uw-wien.at\/index.php\/wp-json\/wp\/v2\/types\/page"}],"author":[{"embeddable":true,"href":"https:\/\/uw-wien.at\/index.php\/wp-json\/wp\/v2\/users\/1"}],"replies":[{"embeddable":true,"href":"https:\/\/uw-wien.at\/index.php\/wp-json\/wp\/v2\/comments?post=49"}],"version-history":[{"count":1,"href":"https:\/\/uw-wien.at\/index.php\/wp-json\/wp\/v2\/pages\/49\/revisions"}],"predecessor-version":[{"id":50,"href":"https:\/\/uw-wien.at\/index.php\/wp-json\/wp\/v2\/pages\/49\/revisions\/50"}],"wp:attachment":[{"href":"https:\/\/uw-wien.at\/index.php\/wp-json\/wp\/v2\/media?parent=49"}],"curies":[{"name":"wp","href":"https:\/\/api.w.org\/{rel}","templated":true}]}}